{"id":24537,"date":"2026-02-24T12:53:43","date_gmt":"2026-02-24T17:53:43","guid":{"rendered":"https:\/\/lpc.majortom.dev\/?page_id=24537"},"modified":"2026-02-24T13:47:54","modified_gmt":"2026-02-24T18:47:54","slug":"merci","status":"publish","type":"page","link":"https:\/\/lpc.majortom.dev\/fr\/bonheur-du-printemps\/merci\/","title":{"rendered":"Merci d\u2019avoir particip\u00e9!"},"content":{"rendered":"<p style=\"font-weight: 400;\">Merci d\u2019avoir particip\u00e9 au concours Les p\u2019tits moments de bonheur du printemps! Le concours est ouvert jusqu\u2019au 27\u00a0mai\u00a02026 et nous contacterons les gagnants apr\u00e8s la fin du concours.<\/p>\n<p style=\"font-weight: 400;\">\u00c0 noter\u00a0: Si vous \u00eates s\u00e9lectionn\u00e9 comme gagnant, vous recevrez un courriel de la part de US Sweepstakes. Vous disposerez de sept jours pour r\u00e9pondre au message et confirmer vos coordonn\u00e9es, sinon un autre nom sera tir\u00e9 au sort.<\/p>\n<h2>Trouvez une recette facile pour le souper<\/h2>\n<p style=\"font-weight: 400;\">Que vous ayez besoin d\u2019un souper sans stress pour ce soir, d\u2019un repas que vous pouvez emporter apr\u00e8s l\u2019\u00e9cole lors des activit\u00e9s sportives ou d\u2019id\u00e9es de repas \u00e0 pr\u00e9parer sur une seule plaque, nous avons exactement ce qu\u2019il vous faut.<\/p>\n<p><a class=\"btn btn--primary\" href=\"https:\/\/www.littlepotatoes.com\/fr\/recettes\/categorie\/les-soupers-en-semain\/\" target=\"\">Trouver Une Recette Facile Pour Les Souper De Ce Soir<\/a><\/p>\n","protected":false},"excerpt":{"rendered":"<p>Merci d\u2019avoir particip\u00e9 au concours Les p\u2019tits moments de bonheur du printemps! Le concours est ouvert jusqu\u2019au 27\u00a0mai\u00a02026 et nous contacterons les gagnants apr\u00e8s la fin du concours. \u00c0 noter\u00a0: Si vous \u00eates s\u00e9lectionn\u00e9 comme gagnant, vous recevrez un courriel de la part de US Sweepstakes. Vous disposerez de sept jours pour r\u00e9pondre au message [&hellip;]<\/p>\n","protected":false},"author":3,"featured_media":0,"parent":23353,"menu_order":0,"comment_status":"closed","ping_status":"closed","template":"","meta":{"_acf_changed":false,"footnotes":""},"class_list":["post-24537","page","type-page","status-publish","hentry"],"acf":[],"yoast_head":"<!-- This site is optimized with the Yoast SEO plugin v27.1.1 - https:\/\/yoast.com\/product\/yoast-seo-wordpress\/ -->\n<title>Merci d\u2019avoir particip\u00e9! | The Little Potato Company<\/title>\n<meta name=\"robots\" content=\"noindex, follow, max-snippet:-1, max-image-preview:large, max-video-preview:-1\" \/>\n<meta property=\"og:locale\" content=\"fr_FR\" \/>\n<meta property=\"og:type\" content=\"article\" \/>\n<meta property=\"og:title\" content=\"Merci d\u2019avoir particip\u00e9! | The Little Potato Company\" \/>\n<meta property=\"og:description\" content=\"Merci d\u2019avoir particip\u00e9 au concours Les p\u2019tits moments de bonheur du printemps! Le concours est ouvert jusqu\u2019au 27\u00a0mai\u00a02026 et nous contacterons les gagnants apr\u00e8s la fin du concours. \u00c0 noter\u00a0: Si vous \u00eates s\u00e9lectionn\u00e9 comme gagnant, vous recevrez un courriel de la part de US Sweepstakes. Vous disposerez de sept jours pour r\u00e9pondre au message [&hellip;]\" \/>\n<meta property=\"og:url\" content=\"https:\/\/lpc.majortom.dev\/fr\/bonheur-du-printemps\/merci\/\" \/>\n<meta property=\"og:site_name\" content=\"The Little Potato Company\" \/>\n<meta property=\"article:modified_time\" content=\"2026-02-24T18:47:54+00:00\" \/>\n<meta name=\"twitter:card\" content=\"summary_large_image\" \/>\n<meta name=\"twitter:label1\" content=\"Dur\u00e9e de lecture estim\u00e9e\" \/>\n\t<meta name=\"twitter:data1\" content=\"1 minute\" \/>\n<script type=\"application\/ld+json\" class=\"yoast-schema-graph\">{\"@context\":\"https:\/\/schema.org\",\"@graph\":[{\"@type\":\"WebPage\",\"@id\":\"https:\/\/lpc.majortom.dev\/fr\/bonheur-du-printemps\/merci\/\",\"url\":\"https:\/\/lpc.majortom.dev\/fr\/bonheur-du-printemps\/merci\/\",\"name\":\"Merci d\u2019avoir particip\u00e9! | The Little Potato Company\",\"isPartOf\":{\"@id\":\"https:\/\/lpc.majortom.dev\/fr\/#website\"},\"datePublished\":\"2026-02-24T17:53:43+00:00\",\"dateModified\":\"2026-02-24T18:47:54+00:00\",\"breadcrumb\":{\"@id\":\"https:\/\/lpc.majortom.dev\/fr\/bonheur-du-printemps\/merci\/#breadcrumb\"},\"inLanguage\":\"fr-FR\",\"potentialAction\":[{\"@type\":\"ReadAction\",\"target\":[\"https:\/\/lpc.majortom.dev\/fr\/bonheur-du-printemps\/merci\/\"]}]},{\"@type\":\"BreadcrumbList\",\"@id\":\"https:\/\/lpc.majortom.dev\/fr\/bonheur-du-printemps\/merci\/#breadcrumb\",\"itemListElement\":[{\"@type\":\"ListItem\",\"position\":1,\"name\":\"Acceuil\",\"item\":\"https:\/\/lpc.majortom.dev\/fr\/\"},{\"@type\":\"ListItem\",\"position\":2,\"name\":\"Concours Les p\u2019tits moments de bonheur du printemps\",\"item\":\"https:\/\/lpc.majortom.dev\/fr\/bonheur-du-printemps\/\"},{\"@type\":\"ListItem\",\"position\":3,\"name\":\"Merci d\u2019avoir particip\u00e9!\"}]},{\"@type\":\"WebSite\",\"@id\":\"https:\/\/lpc.majortom.dev\/fr\/#website\",\"url\":\"https:\/\/lpc.majortom.dev\/fr\/\",\"name\":\"The Little Potato Company\",\"description\":\"\",\"potentialAction\":[{\"@type\":\"SearchAction\",\"target\":{\"@type\":\"EntryPoint\",\"urlTemplate\":\"https:\/\/lpc.majortom.dev\/fr\/?s={search_term_string}\"},\"query-input\":{\"@type\":\"PropertyValueSpecification\",\"valueRequired\":true,\"valueName\":\"search_term_string\"}}],\"inLanguage\":\"fr-FR\"}]}<\/script>\n<!-- \/ Yoast SEO plugin. -->","yoast_head_json":{"title":"Merci d\u2019avoir particip\u00e9! | The Little Potato Company","robots":{"index":"noindex","follow":"follow","max-snippet":"max-snippet:-1","max-image-preview":"max-image-preview:large","max-video-preview":"max-video-preview:-1"},"og_locale":"fr_FR","og_type":"article","og_title":"Merci d\u2019avoir particip\u00e9! | The Little Potato Company","og_description":"Merci d\u2019avoir particip\u00e9 au concours Les p\u2019tits moments de bonheur du printemps! Le concours est ouvert jusqu\u2019au 27\u00a0mai\u00a02026 et nous contacterons les gagnants apr\u00e8s la fin du concours. \u00c0 noter\u00a0: Si vous \u00eates s\u00e9lectionn\u00e9 comme gagnant, vous recevrez un courriel de la part de US Sweepstakes. Vous disposerez de sept jours pour r\u00e9pondre au message [&hellip;]","og_url":"https:\/\/lpc.majortom.dev\/fr\/bonheur-du-printemps\/merci\/","og_site_name":"The Little Potato Company","article_modified_time":"2026-02-24T18:47:54+00:00","twitter_card":"summary_large_image","twitter_misc":{"Dur\u00e9e de lecture estim\u00e9e":"1 minute"},"schema":{"@context":"https:\/\/schema.org","@graph":[{"@type":"WebPage","@id":"https:\/\/lpc.majortom.dev\/fr\/bonheur-du-printemps\/merci\/","url":"https:\/\/lpc.majortom.dev\/fr\/bonheur-du-printemps\/merci\/","name":"Merci d\u2019avoir particip\u00e9! | The Little Potato Company","isPartOf":{"@id":"https:\/\/lpc.majortom.dev\/fr\/#website"},"datePublished":"2026-02-24T17:53:43+00:00","dateModified":"2026-02-24T18:47:54+00:00","breadcrumb":{"@id":"https:\/\/lpc.majortom.dev\/fr\/bonheur-du-printemps\/merci\/#breadcrumb"},"inLanguage":"fr-FR","potentialAction":[{"@type":"ReadAction","target":["https:\/\/lpc.majortom.dev\/fr\/bonheur-du-printemps\/merci\/"]}]},{"@type":"BreadcrumbList","@id":"https:\/\/lpc.majortom.dev\/fr\/bonheur-du-printemps\/merci\/#breadcrumb","itemListElement":[{"@type":"ListItem","position":1,"name":"Acceuil","item":"https:\/\/lpc.majortom.dev\/fr\/"},{"@type":"ListItem","position":2,"name":"Concours Les p\u2019tits moments de bonheur du printemps","item":"https:\/\/lpc.majortom.dev\/fr\/bonheur-du-printemps\/"},{"@type":"ListItem","position":3,"name":"Merci d\u2019avoir particip\u00e9!"}]},{"@type":"WebSite","@id":"https:\/\/lpc.majortom.dev\/fr\/#website","url":"https:\/\/lpc.majortom.dev\/fr\/","name":"The Little Potato Company","description":"","potentialAction":[{"@type":"SearchAction","target":{"@type":"EntryPoint","urlTemplate":"https:\/\/lpc.majortom.dev\/fr\/?s={search_term_string}"},"query-input":{"@type":"PropertyValueSpecification","valueRequired":true,"valueName":"search_term_string"}}],"inLanguage":"fr-FR"}]}},"_links":{"self":[{"href":"https:\/\/lpc.majortom.dev\/fr\/wp-json\/wp\/v2\/pages\/24537","targetHints":{"allow":["GET"]}}],"collection":[{"href":"https:\/\/lpc.majortom.dev\/fr\/wp-json\/wp\/v2\/pages"}],"about":[{"href":"https:\/\/lpc.majortom.dev\/fr\/wp-json\/wp\/v2\/types\/page"}],"author":[{"embeddable":true,"href":"https:\/\/lpc.majortom.dev\/fr\/wp-json\/wp\/v2\/users\/3"}],"replies":[{"embeddable":true,"href":"https:\/\/lpc.majortom.dev\/fr\/wp-json\/wp\/v2\/comments?post=24537"}],"version-history":[{"count":4,"href":"https:\/\/lpc.majortom.dev\/fr\/wp-json\/wp\/v2\/pages\/24537\/revisions"}],"predecessor-version":[{"id":24545,"href":"https:\/\/lpc.majortom.dev\/fr\/wp-json\/wp\/v2\/pages\/24537\/revisions\/24545"}],"up":[{"embeddable":true,"href":"https:\/\/lpc.majortom.dev\/fr\/wp-json\/wp\/v2\/pages\/23353"}],"wp:attachment":[{"href":"https:\/\/lpc.majortom.dev\/fr\/wp-json\/wp\/v2\/media?parent=24537"}],"curies":[{"name":"wp","href":"https:\/\/api.w.org\/{rel}","templated":true}]}}