{"id":23976,"date":"2025-05-23T16:04:26","date_gmt":"2025-05-23T20:04:26","guid":{"rendered":"https:\/\/lpc.majortom.dev\/?page_id=23976"},"modified":"2026-02-24T13:19:59","modified_gmt":"2026-02-24T18:19:59","slug":"concours-un-ete","status":"publish","type":"page","link":"https:\/\/lpc.majortom.dev\/fr\/concours-un-ete\/","title":{"rendered":"Concours Un \u00e9t\u00e9 qui a du piquant"},"content":{"rendered":"<p>Ajoutez du piquant \u00e0 votre \u00e9t\u00e9 sans vous ruiner gr\u00e2ce \u00e0 un petit coup de pouce pour vos grillades dans la cour arri\u00e8re et vos aventures de camping. Inscrivez-vous ci-dessous pour courir la chance de gagner l\u2019un des cinq prix!<\/p>\n<p>[form goes here]<\/p>\n","protected":false},"excerpt":{"rendered":"<p>Ajoutez du piquant \u00e0 votre \u00e9t\u00e9 sans vous ruiner gr\u00e2ce \u00e0 un petit coup de pouce pour vos grillades dans la cour arri\u00e8re et vos aventures de camping. Inscrivez-vous ci-dessous pour courir la chance de gagner l\u2019un des cinq prix! [form goes here]<\/p>\n","protected":false},"author":3,"featured_media":23980,"parent":0,"menu_order":0,"comment_status":"closed","ping_status":"closed","template":"templates\/template-landing-page.php","meta":{"_acf_changed":false,"footnotes":""},"class_list":["post-23976","page","type-page","status-publish","has-post-thumbnail","hentry"],"acf":[],"yoast_head":"<!-- This site is optimized with the Yoast SEO plugin v27.1.1 - https:\/\/yoast.com\/product\/yoast-seo-wordpress\/ -->\n<title>Concours Un \u00e9t\u00e9 qui a du piquant | The Little Potato Company<\/title>\n<meta name=\"robots\" content=\"noindex, follow, max-snippet:-1, max-image-preview:large, max-video-preview:-1\" \/>\n<meta property=\"og:locale\" content=\"fr_FR\" \/>\n<meta property=\"og:type\" content=\"article\" \/>\n<meta property=\"og:title\" content=\"Concours Un \u00e9t\u00e9 qui a du piquant | The Little Potato Company\" \/>\n<meta property=\"og:description\" content=\"Ajoutez du piquant \u00e0 votre \u00e9t\u00e9 sans vous ruiner gr\u00e2ce \u00e0 un petit coup de pouce pour vos grillades dans la cour arri\u00e8re et vos aventures de camping. Inscrivez-vous ci-dessous pour courir la chance de gagner l\u2019un des cinq prix! [form goes here]\" \/>\n<meta property=\"og:url\" content=\"https:\/\/lpc.majortom.dev\/fr\/concours-un-ete\/\" \/>\n<meta property=\"og:site_name\" content=\"The Little Potato Company\" \/>\n<meta property=\"article:modified_time\" content=\"2026-02-24T18:19:59+00:00\" \/>\n<meta property=\"og:image\" content=\"https:\/\/lpc.majortom.dev\/wp-content\/uploads\/2025\/05\/Sweepstakes-Entry-Page-Header_FR-scaled.png\" \/>\n\t<meta property=\"og:image:width\" content=\"2560\" \/>\n\t<meta property=\"og:image:height\" content=\"1280\" \/>\n\t<meta property=\"og:image:type\" content=\"image\/png\" \/>\n<meta name=\"twitter:card\" content=\"summary_large_image\" \/>\n<meta name=\"twitter:label1\" content=\"Dur\u00e9e de lecture estim\u00e9e\" \/>\n\t<meta name=\"twitter:data1\" content=\"1 minute\" \/>\n<script type=\"application\/ld+json\" class=\"yoast-schema-graph\">{\"@context\":\"https:\/\/schema.org\",\"@graph\":[{\"@type\":\"WebPage\",\"@id\":\"https:\/\/lpc.majortom.dev\/fr\/concours-un-ete\/\",\"url\":\"https:\/\/lpc.majortom.dev\/fr\/concours-un-ete\/\",\"name\":\"Concours Un \u00e9t\u00e9 qui a du piquant | The Little Potato Company\",\"isPartOf\":{\"@id\":\"https:\/\/lpc.majortom.dev\/fr\/#website\"},\"primaryImageOfPage\":{\"@id\":\"https:\/\/lpc.majortom.dev\/fr\/concours-un-ete\/#primaryimage\"},\"image\":{\"@id\":\"https:\/\/lpc.majortom.dev\/fr\/concours-un-ete\/#primaryimage\"},\"thumbnailUrl\":\"https:\/\/lpc.majortom.dev\/wp-content\/uploads\/2025\/05\/Sweepstakes-Entry-Page-Header_FR-scaled.png\",\"datePublished\":\"2025-05-23T20:04:26+00:00\",\"dateModified\":\"2026-02-24T18:19:59+00:00\",\"breadcrumb\":{\"@id\":\"https:\/\/lpc.majortom.dev\/fr\/concours-un-ete\/#breadcrumb\"},\"inLanguage\":\"fr-FR\",\"potentialAction\":[{\"@type\":\"ReadAction\",\"target\":[\"https:\/\/lpc.majortom.dev\/fr\/concours-un-ete\/\"]}]},{\"@type\":\"ImageObject\",\"inLanguage\":\"fr-FR\",\"@id\":\"https:\/\/lpc.majortom.dev\/fr\/concours-un-ete\/#primaryimage\",\"url\":\"https:\/\/lpc.majortom.dev\/wp-content\/uploads\/2025\/05\/Sweepstakes-Entry-Page-Header_FR-scaled.png\",\"contentUrl\":\"https:\/\/lpc.majortom.dev\/wp-content\/uploads\/2025\/05\/Sweepstakes-Entry-Page-Header_FR-scaled.png\",\"width\":2560,\"height\":1280},{\"@type\":\"BreadcrumbList\",\"@id\":\"https:\/\/lpc.majortom.dev\/fr\/concours-un-ete\/#breadcrumb\",\"itemListElement\":[{\"@type\":\"ListItem\",\"position\":1,\"name\":\"Acceuil\",\"item\":\"https:\/\/lpc.majortom.dev\/fr\/\"},{\"@type\":\"ListItem\",\"position\":2,\"name\":\"Concours Un \u00e9t\u00e9 qui a du piquant\"}]},{\"@type\":\"WebSite\",\"@id\":\"https:\/\/lpc.majortom.dev\/fr\/#website\",\"url\":\"https:\/\/lpc.majortom.dev\/fr\/\",\"name\":\"The Little Potato Company\",\"description\":\"\",\"potentialAction\":[{\"@type\":\"SearchAction\",\"target\":{\"@type\":\"EntryPoint\",\"urlTemplate\":\"https:\/\/lpc.majortom.dev\/fr\/?s={search_term_string}\"},\"query-input\":{\"@type\":\"PropertyValueSpecification\",\"valueRequired\":true,\"valueName\":\"search_term_string\"}}],\"inLanguage\":\"fr-FR\"}]}<\/script>\n<!-- \/ Yoast SEO plugin. -->","yoast_head_json":{"title":"Concours Un \u00e9t\u00e9 qui a du piquant | The Little Potato Company","robots":{"index":"noindex","follow":"follow","max-snippet":"max-snippet:-1","max-image-preview":"max-image-preview:large","max-video-preview":"max-video-preview:-1"},"og_locale":"fr_FR","og_type":"article","og_title":"Concours Un \u00e9t\u00e9 qui a du piquant | The Little Potato Company","og_description":"Ajoutez du piquant \u00e0 votre \u00e9t\u00e9 sans vous ruiner gr\u00e2ce \u00e0 un petit coup de pouce pour vos grillades dans la cour arri\u00e8re et vos aventures de camping. Inscrivez-vous ci-dessous pour courir la chance de gagner l\u2019un des cinq prix! [form goes here]","og_url":"https:\/\/lpc.majortom.dev\/fr\/concours-un-ete\/","og_site_name":"The Little Potato Company","article_modified_time":"2026-02-24T18:19:59+00:00","og_image":[{"width":2560,"height":1280,"url":"https:\/\/lpc.majortom.dev\/wp-content\/uploads\/2025\/05\/Sweepstakes-Entry-Page-Header_FR-scaled.png","type":"image\/png"}],"twitter_card":"summary_large_image","twitter_misc":{"Dur\u00e9e de lecture estim\u00e9e":"1 minute"},"schema":{"@context":"https:\/\/schema.org","@graph":[{"@type":"WebPage","@id":"https:\/\/lpc.majortom.dev\/fr\/concours-un-ete\/","url":"https:\/\/lpc.majortom.dev\/fr\/concours-un-ete\/","name":"Concours Un \u00e9t\u00e9 qui a du piquant | The Little Potato Company","isPartOf":{"@id":"https:\/\/lpc.majortom.dev\/fr\/#website"},"primaryImageOfPage":{"@id":"https:\/\/lpc.majortom.dev\/fr\/concours-un-ete\/#primaryimage"},"image":{"@id":"https:\/\/lpc.majortom.dev\/fr\/concours-un-ete\/#primaryimage"},"thumbnailUrl":"https:\/\/lpc.majortom.dev\/wp-content\/uploads\/2025\/05\/Sweepstakes-Entry-Page-Header_FR-scaled.png","datePublished":"2025-05-23T20:04:26+00:00","dateModified":"2026-02-24T18:19:59+00:00","breadcrumb":{"@id":"https:\/\/lpc.majortom.dev\/fr\/concours-un-ete\/#breadcrumb"},"inLanguage":"fr-FR","potentialAction":[{"@type":"ReadAction","target":["https:\/\/lpc.majortom.dev\/fr\/concours-un-ete\/"]}]},{"@type":"ImageObject","inLanguage":"fr-FR","@id":"https:\/\/lpc.majortom.dev\/fr\/concours-un-ete\/#primaryimage","url":"https:\/\/lpc.majortom.dev\/wp-content\/uploads\/2025\/05\/Sweepstakes-Entry-Page-Header_FR-scaled.png","contentUrl":"https:\/\/lpc.majortom.dev\/wp-content\/uploads\/2025\/05\/Sweepstakes-Entry-Page-Header_FR-scaled.png","width":2560,"height":1280},{"@type":"BreadcrumbList","@id":"https:\/\/lpc.majortom.dev\/fr\/concours-un-ete\/#breadcrumb","itemListElement":[{"@type":"ListItem","position":1,"name":"Acceuil","item":"https:\/\/lpc.majortom.dev\/fr\/"},{"@type":"ListItem","position":2,"name":"Concours Un \u00e9t\u00e9 qui a du piquant"}]},{"@type":"WebSite","@id":"https:\/\/lpc.majortom.dev\/fr\/#website","url":"https:\/\/lpc.majortom.dev\/fr\/","name":"The Little Potato Company","description":"","potentialAction":[{"@type":"SearchAction","target":{"@type":"EntryPoint","urlTemplate":"https:\/\/lpc.majortom.dev\/fr\/?s={search_term_string}"},"query-input":{"@type":"PropertyValueSpecification","valueRequired":true,"valueName":"search_term_string"}}],"inLanguage":"fr-FR"}]}},"_links":{"self":[{"href":"https:\/\/lpc.majortom.dev\/fr\/wp-json\/wp\/v2\/pages\/23976","targetHints":{"allow":["GET"]}}],"collection":[{"href":"https:\/\/lpc.majortom.dev\/fr\/wp-json\/wp\/v2\/pages"}],"about":[{"href":"https:\/\/lpc.majortom.dev\/fr\/wp-json\/wp\/v2\/types\/page"}],"author":[{"embeddable":true,"href":"https:\/\/lpc.majortom.dev\/fr\/wp-json\/wp\/v2\/users\/3"}],"replies":[{"embeddable":true,"href":"https:\/\/lpc.majortom.dev\/fr\/wp-json\/wp\/v2\/comments?post=23976"}],"version-history":[{"count":4,"href":"https:\/\/lpc.majortom.dev\/fr\/wp-json\/wp\/v2\/pages\/23976\/revisions"}],"predecessor-version":[{"id":24057,"href":"https:\/\/lpc.majortom.dev\/fr\/wp-json\/wp\/v2\/pages\/23976\/revisions\/24057"}],"wp:featuredmedia":[{"embeddable":true,"href":"https:\/\/lpc.majortom.dev\/fr\/wp-json\/wp\/v2\/media\/23980"}],"wp:attachment":[{"href":"https:\/\/lpc.majortom.dev\/fr\/wp-json\/wp\/v2\/media?parent=23976"}],"curies":[{"name":"wp","href":"https:\/\/api.w.org\/{rel}","templated":true}]}}