{"id":23353,"date":"2024-03-18T19:10:34","date_gmt":"2024-03-18T23:10:34","guid":{"rendered":"https:\/\/lpc.majortom.dev\/?page_id=23353"},"modified":"2026-02-24T15:00:59","modified_gmt":"2026-02-24T20:00:59","slug":"bonheur-du-printemps","status":"publish","type":"page","link":"https:\/\/lpc.majortom.dev\/fr\/bonheur-du-printemps\/","title":{"rendered":"Concours Les p\u2019tits moments de bonheur du printemps"},"content":{"rendered":"<h2>Participez et courez la chance de gagner 1000\u00a0$ en \u00e9picerie pour rafra\u00eechir votre garde-manger<\/h2>\n<p>Cette saison, nous pourrions vous aider \u00e0 payer votre facture d\u2019\u00e9picerie afin que vous puissiez pr\u00e9parer de petits plats printaniers pleins de z\u00e8le. Participez au concours et courez la chance de gagner l\u2019un des 10\u00a0grands prix!<\/p>\n<p>[Entry form here]<\/p>\n","protected":false},"excerpt":{"rendered":"<p>Participez et courez la chance de gagner 1000\u00a0$ en \u00e9picerie pour rafra\u00eechir votre garde-manger Cette saison, nous pourrions vous aider \u00e0 payer votre facture d\u2019\u00e9picerie afin que vous puissiez pr\u00e9parer de petits plats printaniers pleins de z\u00e8le. Participez au concours et courez la chance de gagner l\u2019un des 10\u00a0grands prix! [Entry form here]<\/p>\n","protected":false},"author":3,"featured_media":24522,"parent":0,"menu_order":0,"comment_status":"closed","ping_status":"closed","template":"templates\/template-landing-page.php","meta":{"_acf_changed":false,"footnotes":""},"class_list":["post-23353","page","type-page","status-publish","has-post-thumbnail","hentry"],"acf":[],"yoast_head":"<!-- This site is optimized with the Yoast SEO plugin v27.1.1 - https:\/\/yoast.com\/product\/yoast-seo-wordpress\/ -->\n<title>Concours Les p\u2019tits moments de bonheur du printemps | The Little Potato Company<\/title>\n<meta name=\"robots\" content=\"noindex, follow, max-snippet:-1, max-image-preview:large, max-video-preview:-1\" \/>\n<meta property=\"og:locale\" content=\"fr_FR\" \/>\n<meta property=\"og:type\" content=\"article\" \/>\n<meta property=\"og:title\" content=\"Concours Les p\u2019tits moments de bonheur du printemps | The Little Potato Company\" \/>\n<meta property=\"og:description\" content=\"Participez et courez la chance de gagner 1000\u00a0$ en \u00e9picerie pour rafra\u00eechir votre garde-manger Cette saison, nous pourrions vous aider \u00e0 payer votre facture d\u2019\u00e9picerie afin que vous puissiez pr\u00e9parer de petits plats printaniers pleins de z\u00e8le. Participez au concours et courez la chance de gagner l\u2019un des 10\u00a0grands prix! [Entry form here]\" \/>\n<meta property=\"og:url\" content=\"https:\/\/lpc.majortom.dev\/fr\/bonheur-du-printemps\/\" \/>\n<meta property=\"og:site_name\" content=\"The Little Potato Company\" \/>\n<meta property=\"article:modified_time\" content=\"2026-02-24T20:00:59+00:00\" \/>\n<meta property=\"og:image\" content=\"https:\/\/lpc.majortom.dev\/wp-content\/uploads\/2026\/02\/Spring_1600x800_WebsiteHeader_FR.png\" \/>\n\t<meta property=\"og:image:width\" content=\"1600\" \/>\n\t<meta property=\"og:image:height\" content=\"800\" \/>\n\t<meta property=\"og:image:type\" content=\"image\/png\" \/>\n<meta name=\"twitter:card\" content=\"summary_large_image\" \/>\n<meta name=\"twitter:label1\" content=\"Dur\u00e9e de lecture estim\u00e9e\" \/>\n\t<meta name=\"twitter:data1\" content=\"1 minute\" \/>\n<script type=\"application\/ld+json\" class=\"yoast-schema-graph\">{\"@context\":\"https:\/\/schema.org\",\"@graph\":[{\"@type\":\"WebPage\",\"@id\":\"https:\/\/lpc.majortom.dev\/fr\/bonheur-du-printemps\/\",\"url\":\"https:\/\/lpc.majortom.dev\/fr\/bonheur-du-printemps\/\",\"name\":\"Concours Les p\u2019tits moments de bonheur du printemps | The Little Potato Company\",\"isPartOf\":{\"@id\":\"https:\/\/lpc.majortom.dev\/fr\/#website\"},\"primaryImageOfPage\":{\"@id\":\"https:\/\/lpc.majortom.dev\/fr\/bonheur-du-printemps\/#primaryimage\"},\"image\":{\"@id\":\"https:\/\/lpc.majortom.dev\/fr\/bonheur-du-printemps\/#primaryimage\"},\"thumbnailUrl\":\"https:\/\/lpc.majortom.dev\/wp-content\/uploads\/2026\/02\/Spring_1600x800_WebsiteHeader_FR.png\",\"datePublished\":\"2024-03-18T23:10:34+00:00\",\"dateModified\":\"2026-02-24T20:00:59+00:00\",\"breadcrumb\":{\"@id\":\"https:\/\/lpc.majortom.dev\/fr\/bonheur-du-printemps\/#breadcrumb\"},\"inLanguage\":\"fr-FR\",\"potentialAction\":[{\"@type\":\"ReadAction\",\"target\":[\"https:\/\/lpc.majortom.dev\/fr\/bonheur-du-printemps\/\"]}]},{\"@type\":\"ImageObject\",\"inLanguage\":\"fr-FR\",\"@id\":\"https:\/\/lpc.majortom.dev\/fr\/bonheur-du-printemps\/#primaryimage\",\"url\":\"https:\/\/lpc.majortom.dev\/wp-content\/uploads\/2026\/02\/Spring_1600x800_WebsiteHeader_FR.png\",\"contentUrl\":\"https:\/\/lpc.majortom.dev\/wp-content\/uploads\/2026\/02\/Spring_1600x800_WebsiteHeader_FR.png\",\"width\":1600,\"height\":800},{\"@type\":\"BreadcrumbList\",\"@id\":\"https:\/\/lpc.majortom.dev\/fr\/bonheur-du-printemps\/#breadcrumb\",\"itemListElement\":[{\"@type\":\"ListItem\",\"position\":1,\"name\":\"Acceuil\",\"item\":\"https:\/\/lpc.majortom.dev\/fr\/\"},{\"@type\":\"ListItem\",\"position\":2,\"name\":\"Concours Les p\u2019tits moments de bonheur du printemps\"}]},{\"@type\":\"WebSite\",\"@id\":\"https:\/\/lpc.majortom.dev\/fr\/#website\",\"url\":\"https:\/\/lpc.majortom.dev\/fr\/\",\"name\":\"The Little Potato Company\",\"description\":\"\",\"potentialAction\":[{\"@type\":\"SearchAction\",\"target\":{\"@type\":\"EntryPoint\",\"urlTemplate\":\"https:\/\/lpc.majortom.dev\/fr\/?s={search_term_string}\"},\"query-input\":{\"@type\":\"PropertyValueSpecification\",\"valueRequired\":true,\"valueName\":\"search_term_string\"}}],\"inLanguage\":\"fr-FR\"}]}<\/script>\n<!-- \/ Yoast SEO plugin. -->","yoast_head_json":{"title":"Concours Les p\u2019tits moments de bonheur du printemps | The Little Potato Company","robots":{"index":"noindex","follow":"follow","max-snippet":"max-snippet:-1","max-image-preview":"max-image-preview:large","max-video-preview":"max-video-preview:-1"},"og_locale":"fr_FR","og_type":"article","og_title":"Concours Les p\u2019tits moments de bonheur du printemps | The Little Potato Company","og_description":"Participez et courez la chance de gagner 1000\u00a0$ en \u00e9picerie pour rafra\u00eechir votre garde-manger Cette saison, nous pourrions vous aider \u00e0 payer votre facture d\u2019\u00e9picerie afin que vous puissiez pr\u00e9parer de petits plats printaniers pleins de z\u00e8le. Participez au concours et courez la chance de gagner l\u2019un des 10\u00a0grands prix! [Entry form here]","og_url":"https:\/\/lpc.majortom.dev\/fr\/bonheur-du-printemps\/","og_site_name":"The Little Potato Company","article_modified_time":"2026-02-24T20:00:59+00:00","og_image":[{"width":1600,"height":800,"url":"https:\/\/lpc.majortom.dev\/wp-content\/uploads\/2026\/02\/Spring_1600x800_WebsiteHeader_FR.png","type":"image\/png"}],"twitter_card":"summary_large_image","twitter_misc":{"Dur\u00e9e de lecture estim\u00e9e":"1 minute"},"schema":{"@context":"https:\/\/schema.org","@graph":[{"@type":"WebPage","@id":"https:\/\/lpc.majortom.dev\/fr\/bonheur-du-printemps\/","url":"https:\/\/lpc.majortom.dev\/fr\/bonheur-du-printemps\/","name":"Concours Les p\u2019tits moments de bonheur du printemps | The Little Potato Company","isPartOf":{"@id":"https:\/\/lpc.majortom.dev\/fr\/#website"},"primaryImageOfPage":{"@id":"https:\/\/lpc.majortom.dev\/fr\/bonheur-du-printemps\/#primaryimage"},"image":{"@id":"https:\/\/lpc.majortom.dev\/fr\/bonheur-du-printemps\/#primaryimage"},"thumbnailUrl":"https:\/\/lpc.majortom.dev\/wp-content\/uploads\/2026\/02\/Spring_1600x800_WebsiteHeader_FR.png","datePublished":"2024-03-18T23:10:34+00:00","dateModified":"2026-02-24T20:00:59+00:00","breadcrumb":{"@id":"https:\/\/lpc.majortom.dev\/fr\/bonheur-du-printemps\/#breadcrumb"},"inLanguage":"fr-FR","potentialAction":[{"@type":"ReadAction","target":["https:\/\/lpc.majortom.dev\/fr\/bonheur-du-printemps\/"]}]},{"@type":"ImageObject","inLanguage":"fr-FR","@id":"https:\/\/lpc.majortom.dev\/fr\/bonheur-du-printemps\/#primaryimage","url":"https:\/\/lpc.majortom.dev\/wp-content\/uploads\/2026\/02\/Spring_1600x800_WebsiteHeader_FR.png","contentUrl":"https:\/\/lpc.majortom.dev\/wp-content\/uploads\/2026\/02\/Spring_1600x800_WebsiteHeader_FR.png","width":1600,"height":800},{"@type":"BreadcrumbList","@id":"https:\/\/lpc.majortom.dev\/fr\/bonheur-du-printemps\/#breadcrumb","itemListElement":[{"@type":"ListItem","position":1,"name":"Acceuil","item":"https:\/\/lpc.majortom.dev\/fr\/"},{"@type":"ListItem","position":2,"name":"Concours Les p\u2019tits moments de bonheur du printemps"}]},{"@type":"WebSite","@id":"https:\/\/lpc.majortom.dev\/fr\/#website","url":"https:\/\/lpc.majortom.dev\/fr\/","name":"The Little Potato Company","description":"","potentialAction":[{"@type":"SearchAction","target":{"@type":"EntryPoint","urlTemplate":"https:\/\/lpc.majortom.dev\/fr\/?s={search_term_string}"},"query-input":{"@type":"PropertyValueSpecification","valueRequired":true,"valueName":"search_term_string"}}],"inLanguage":"fr-FR"}]}},"_links":{"self":[{"href":"https:\/\/lpc.majortom.dev\/fr\/wp-json\/wp\/v2\/pages\/23353","targetHints":{"allow":["GET"]}}],"collection":[{"href":"https:\/\/lpc.majortom.dev\/fr\/wp-json\/wp\/v2\/pages"}],"about":[{"href":"https:\/\/lpc.majortom.dev\/fr\/wp-json\/wp\/v2\/types\/page"}],"author":[{"embeddable":true,"href":"https:\/\/lpc.majortom.dev\/fr\/wp-json\/wp\/v2\/users\/3"}],"replies":[{"embeddable":true,"href":"https:\/\/lpc.majortom.dev\/fr\/wp-json\/wp\/v2\/comments?post=23353"}],"version-history":[{"count":15,"href":"https:\/\/lpc.majortom.dev\/fr\/wp-json\/wp\/v2\/pages\/23353\/revisions"}],"predecessor-version":[{"id":24551,"href":"https:\/\/lpc.majortom.dev\/fr\/wp-json\/wp\/v2\/pages\/23353\/revisions\/24551"}],"wp:featuredmedia":[{"embeddable":true,"href":"https:\/\/lpc.majortom.dev\/fr\/wp-json\/wp\/v2\/media\/24522"}],"wp:attachment":[{"href":"https:\/\/lpc.majortom.dev\/fr\/wp-json\/wp\/v2\/media?parent=23353"}],"curies":[{"name":"wp","href":"https:\/\/api.w.org\/{rel}","templated":true}]}}