{"id":15676,"date":"2022-12-22T15:34:14","date_gmt":"2022-12-22T20:34:14","guid":{"rendered":"https:\/\/lpc.majortom.dev\/?page_id=15676"},"modified":"2023-02-28T22:33:56","modified_gmt":"2023-02-28T22:33:56","slug":"ou-en-acheter","status":"publish","type":"page","link":"https:\/\/lpc.majortom.dev\/fr\/ou-en-acheter\/","title":{"rendered":"O\u00f9 en acheter"},"content":{"rendered":"<p style=\"text-align: center;\">Choisissez votre \u00c9tat ou province de r\u00e9sidence pour voir la liste des endroits o\u00f9 trouver nos petites patates, ou cherchez votre commerce local. Veuillez noter que la liste des commerces est en anglais uniquement.<\/p>\n","protected":false},"excerpt":{"rendered":"<p>Choisissez votre \u00c9tat ou province de r\u00e9sidence pour voir la liste des endroits o\u00f9 trouver nos petites patates, ou cherchez votre commerce local. Veuillez noter que la liste des commerces est en anglais uniquement.<\/p>\n","protected":false},"author":3,"featured_media":0,"parent":0,"menu_order":9,"comment_status":"closed","ping_status":"closed","template":"templates\/template-where-to-buy.php","meta":{"_acf_changed":false,"footnotes":""},"class_list":["post-15676","page","type-page","status-publish","hentry"],"acf":[],"yoast_head":"<!-- This site is optimized with the Yoast SEO plugin v27.1.1 - https:\/\/yoast.com\/product\/yoast-seo-wordpress\/ -->\n<title>O\u00f9 en acheter | The Little Potato Company<\/title>\n<meta name=\"robots\" content=\"noindex, follow, max-snippet:-1, max-image-preview:large, max-video-preview:-1\" \/>\n<meta property=\"og:locale\" content=\"fr_FR\" \/>\n<meta property=\"og:type\" content=\"article\" \/>\n<meta property=\"og:title\" content=\"O\u00f9 en acheter | The Little Potato Company\" \/>\n<meta property=\"og:description\" content=\"Choisissez votre \u00c9tat ou province de r\u00e9sidence pour voir la liste des endroits o\u00f9 trouver nos petites patates, ou cherchez votre commerce local. Veuillez noter que la liste des commerces est en anglais uniquement.\" \/>\n<meta property=\"og:url\" content=\"https:\/\/lpc.majortom.dev\/fr\/ou-en-acheter\/\" \/>\n<meta property=\"og:site_name\" content=\"The Little Potato Company\" \/>\n<meta property=\"article:modified_time\" content=\"2023-02-28T22:33:56+00:00\" \/>\n<meta name=\"twitter:card\" content=\"summary_large_image\" \/>\n<meta name=\"twitter:label1\" content=\"Dur\u00e9e de lecture estim\u00e9e\" \/>\n\t<meta name=\"twitter:data1\" content=\"1 minute\" \/>\n<script type=\"application\/ld+json\" class=\"yoast-schema-graph\">{\"@context\":\"https:\/\/schema.org\",\"@graph\":[{\"@type\":\"WebPage\",\"@id\":\"https:\/\/lpc.majortom.dev\/fr\/ou-en-acheter\/\",\"url\":\"https:\/\/lpc.majortom.dev\/fr\/ou-en-acheter\/\",\"name\":\"O\u00f9 en acheter | The Little Potato Company\",\"isPartOf\":{\"@id\":\"https:\/\/lpc.majortom.dev\/fr\/#website\"},\"datePublished\":\"2022-12-22T20:34:14+00:00\",\"dateModified\":\"2023-02-28T22:33:56+00:00\",\"breadcrumb\":{\"@id\":\"https:\/\/lpc.majortom.dev\/fr\/ou-en-acheter\/#breadcrumb\"},\"inLanguage\":\"fr-FR\",\"potentialAction\":[{\"@type\":\"ReadAction\",\"target\":[\"https:\/\/lpc.majortom.dev\/fr\/ou-en-acheter\/\"]}]},{\"@type\":\"BreadcrumbList\",\"@id\":\"https:\/\/lpc.majortom.dev\/fr\/ou-en-acheter\/#breadcrumb\",\"itemListElement\":[{\"@type\":\"ListItem\",\"position\":1,\"name\":\"Acceuil\",\"item\":\"https:\/\/lpc.majortom.dev\/fr\/\"},{\"@type\":\"ListItem\",\"position\":2,\"name\":\"O\u00f9 en acheter\"}]},{\"@type\":\"WebSite\",\"@id\":\"https:\/\/lpc.majortom.dev\/fr\/#website\",\"url\":\"https:\/\/lpc.majortom.dev\/fr\/\",\"name\":\"The Little Potato Company\",\"description\":\"\",\"potentialAction\":[{\"@type\":\"SearchAction\",\"target\":{\"@type\":\"EntryPoint\",\"urlTemplate\":\"https:\/\/lpc.majortom.dev\/fr\/?s={search_term_string}\"},\"query-input\":{\"@type\":\"PropertyValueSpecification\",\"valueRequired\":true,\"valueName\":\"search_term_string\"}}],\"inLanguage\":\"fr-FR\"}]}<\/script>\n<!-- \/ Yoast SEO plugin. -->","yoast_head_json":{"title":"O\u00f9 en acheter | The Little Potato Company","robots":{"index":"noindex","follow":"follow","max-snippet":"max-snippet:-1","max-image-preview":"max-image-preview:large","max-video-preview":"max-video-preview:-1"},"og_locale":"fr_FR","og_type":"article","og_title":"O\u00f9 en acheter | The Little Potato Company","og_description":"Choisissez votre \u00c9tat ou province de r\u00e9sidence pour voir la liste des endroits o\u00f9 trouver nos petites patates, ou cherchez votre commerce local. Veuillez noter que la liste des commerces est en anglais uniquement.","og_url":"https:\/\/lpc.majortom.dev\/fr\/ou-en-acheter\/","og_site_name":"The Little Potato Company","article_modified_time":"2023-02-28T22:33:56+00:00","twitter_card":"summary_large_image","twitter_misc":{"Dur\u00e9e de lecture estim\u00e9e":"1 minute"},"schema":{"@context":"https:\/\/schema.org","@graph":[{"@type":"WebPage","@id":"https:\/\/lpc.majortom.dev\/fr\/ou-en-acheter\/","url":"https:\/\/lpc.majortom.dev\/fr\/ou-en-acheter\/","name":"O\u00f9 en acheter | The Little Potato Company","isPartOf":{"@id":"https:\/\/lpc.majortom.dev\/fr\/#website"},"datePublished":"2022-12-22T20:34:14+00:00","dateModified":"2023-02-28T22:33:56+00:00","breadcrumb":{"@id":"https:\/\/lpc.majortom.dev\/fr\/ou-en-acheter\/#breadcrumb"},"inLanguage":"fr-FR","potentialAction":[{"@type":"ReadAction","target":["https:\/\/lpc.majortom.dev\/fr\/ou-en-acheter\/"]}]},{"@type":"BreadcrumbList","@id":"https:\/\/lpc.majortom.dev\/fr\/ou-en-acheter\/#breadcrumb","itemListElement":[{"@type":"ListItem","position":1,"name":"Acceuil","item":"https:\/\/lpc.majortom.dev\/fr\/"},{"@type":"ListItem","position":2,"name":"O\u00f9 en acheter"}]},{"@type":"WebSite","@id":"https:\/\/lpc.majortom.dev\/fr\/#website","url":"https:\/\/lpc.majortom.dev\/fr\/","name":"The Little Potato Company","description":"","potentialAction":[{"@type":"SearchAction","target":{"@type":"EntryPoint","urlTemplate":"https:\/\/lpc.majortom.dev\/fr\/?s={search_term_string}"},"query-input":{"@type":"PropertyValueSpecification","valueRequired":true,"valueName":"search_term_string"}}],"inLanguage":"fr-FR"}]}},"_links":{"self":[{"href":"https:\/\/lpc.majortom.dev\/fr\/wp-json\/wp\/v2\/pages\/15676","targetHints":{"allow":["GET"]}}],"collection":[{"href":"https:\/\/lpc.majortom.dev\/fr\/wp-json\/wp\/v2\/pages"}],"about":[{"href":"https:\/\/lpc.majortom.dev\/fr\/wp-json\/wp\/v2\/types\/page"}],"author":[{"embeddable":true,"href":"https:\/\/lpc.majortom.dev\/fr\/wp-json\/wp\/v2\/users\/3"}],"replies":[{"embeddable":true,"href":"https:\/\/lpc.majortom.dev\/fr\/wp-json\/wp\/v2\/comments?post=15676"}],"version-history":[{"count":3,"href":"https:\/\/lpc.majortom.dev\/fr\/wp-json\/wp\/v2\/pages\/15676\/revisions"}],"predecessor-version":[{"id":17997,"href":"https:\/\/lpc.majortom.dev\/fr\/wp-json\/wp\/v2\/pages\/15676\/revisions\/17997"}],"wp:attachment":[{"href":"https:\/\/lpc.majortom.dev\/fr\/wp-json\/wp\/v2\/media?parent=15676"}],"curies":[{"name":"wp","href":"https:\/\/api.w.org\/{rel}","templated":true}]}}