{"id":12018,"date":"2022-12-15T19:15:38","date_gmt":"2022-12-16T00:15:38","guid":{"rendered":"https:\/\/lpc.majortom.dev\/?page_id=12018"},"modified":"2023-02-16T21:02:00","modified_gmt":"2023-02-16T21:02:00","slug":"nos-produits","status":"publish","type":"page","link":"https:\/\/lpc.majortom.dev\/fr\/nos-produits\/","title":{"rendered":"Nos produits"},"content":{"rendered":"","protected":false},"excerpt":{"rendered":"","protected":false},"author":3,"featured_media":0,"parent":0,"menu_order":6,"comment_status":"closed","ping_status":"closed","template":"templates\/template-products.php","meta":{"_acf_changed":false,"footnotes":""},"class_list":["post-12018","page","type-page","status-publish","hentry"],"acf":[],"yoast_head":"<!-- This site is optimized with the Yoast SEO plugin v27.1.1 - https:\/\/yoast.com\/product\/yoast-seo-wordpress\/ -->\n<title>Nos produits | The Little Potato Company<\/title>\n<meta name=\"description\" content=\"Nos p\u2019tites patates ont un go\u00fbt naturel de beurre, sont tr\u00e8s nutritives et sont pr\u00eates en cinq minutes seulement.\" \/>\n<meta name=\"robots\" content=\"noindex, follow, max-snippet:-1, max-image-preview:large, max-video-preview:-1\" \/>\n<meta property=\"og:locale\" content=\"fr_FR\" \/>\n<meta property=\"og:type\" content=\"article\" \/>\n<meta property=\"og:title\" content=\"Nos produits | The Little Potato Company\" \/>\n<meta property=\"og:description\" content=\"Nos p\u2019tites patates ont un go\u00fbt naturel de beurre, sont tr\u00e8s nutritives et sont pr\u00eates en cinq minutes seulement.\" \/>\n<meta property=\"og:url\" content=\"https:\/\/lpc.majortom.dev\/fr\/nos-produits\/\" \/>\n<meta property=\"og:site_name\" content=\"The Little Potato Company\" \/>\n<meta property=\"article:modified_time\" content=\"2023-02-16T21:02:00+00:00\" \/>\n<meta name=\"twitter:card\" content=\"summary_large_image\" \/>\n<script type=\"application\/ld+json\" class=\"yoast-schema-graph\">{\"@context\":\"https:\/\/schema.org\",\"@graph\":[{\"@type\":\"WebPage\",\"@id\":\"https:\/\/lpc.majortom.dev\/fr\/nos-produits\/\",\"url\":\"https:\/\/lpc.majortom.dev\/fr\/nos-produits\/\",\"name\":\"Nos produits | The Little Potato Company\",\"isPartOf\":{\"@id\":\"https:\/\/lpc.majortom.dev\/fr\/#website\"},\"datePublished\":\"2022-12-16T00:15:38+00:00\",\"dateModified\":\"2023-02-16T21:02:00+00:00\",\"description\":\"Nos p\u2019tites patates ont un go\u00fbt naturel de beurre, sont tr\u00e8s nutritives et sont pr\u00eates en cinq minutes seulement.\",\"breadcrumb\":{\"@id\":\"https:\/\/lpc.majortom.dev\/fr\/nos-produits\/#breadcrumb\"},\"inLanguage\":\"fr-FR\",\"potentialAction\":[{\"@type\":\"ReadAction\",\"target\":[\"https:\/\/lpc.majortom.dev\/fr\/nos-produits\/\"]}]},{\"@type\":\"BreadcrumbList\",\"@id\":\"https:\/\/lpc.majortom.dev\/fr\/nos-produits\/#breadcrumb\",\"itemListElement\":[{\"@type\":\"ListItem\",\"position\":1,\"name\":\"Acceuil\",\"item\":\"https:\/\/lpc.majortom.dev\/fr\/\"},{\"@type\":\"ListItem\",\"position\":2,\"name\":\"Nos produits\"}]},{\"@type\":\"WebSite\",\"@id\":\"https:\/\/lpc.majortom.dev\/fr\/#website\",\"url\":\"https:\/\/lpc.majortom.dev\/fr\/\",\"name\":\"The Little Potato Company\",\"description\":\"\",\"potentialAction\":[{\"@type\":\"SearchAction\",\"target\":{\"@type\":\"EntryPoint\",\"urlTemplate\":\"https:\/\/lpc.majortom.dev\/fr\/?s={search_term_string}\"},\"query-input\":{\"@type\":\"PropertyValueSpecification\",\"valueRequired\":true,\"valueName\":\"search_term_string\"}}],\"inLanguage\":\"fr-FR\"}]}<\/script>\n<!-- \/ Yoast SEO plugin. -->","yoast_head_json":{"title":"Nos produits | The Little Potato Company","description":"Nos p\u2019tites patates ont un go\u00fbt naturel de beurre, sont tr\u00e8s nutritives et sont pr\u00eates en cinq minutes seulement.","robots":{"index":"noindex","follow":"follow","max-snippet":"max-snippet:-1","max-image-preview":"max-image-preview:large","max-video-preview":"max-video-preview:-1"},"og_locale":"fr_FR","og_type":"article","og_title":"Nos produits | The Little Potato Company","og_description":"Nos p\u2019tites patates ont un go\u00fbt naturel de beurre, sont tr\u00e8s nutritives et sont pr\u00eates en cinq minutes seulement.","og_url":"https:\/\/lpc.majortom.dev\/fr\/nos-produits\/","og_site_name":"The Little Potato Company","article_modified_time":"2023-02-16T21:02:00+00:00","twitter_card":"summary_large_image","schema":{"@context":"https:\/\/schema.org","@graph":[{"@type":"WebPage","@id":"https:\/\/lpc.majortom.dev\/fr\/nos-produits\/","url":"https:\/\/lpc.majortom.dev\/fr\/nos-produits\/","name":"Nos produits | The Little Potato Company","isPartOf":{"@id":"https:\/\/lpc.majortom.dev\/fr\/#website"},"datePublished":"2022-12-16T00:15:38+00:00","dateModified":"2023-02-16T21:02:00+00:00","description":"Nos p\u2019tites patates ont un go\u00fbt naturel de beurre, sont tr\u00e8s nutritives et sont pr\u00eates en cinq minutes seulement.","breadcrumb":{"@id":"https:\/\/lpc.majortom.dev\/fr\/nos-produits\/#breadcrumb"},"inLanguage":"fr-FR","potentialAction":[{"@type":"ReadAction","target":["https:\/\/lpc.majortom.dev\/fr\/nos-produits\/"]}]},{"@type":"BreadcrumbList","@id":"https:\/\/lpc.majortom.dev\/fr\/nos-produits\/#breadcrumb","itemListElement":[{"@type":"ListItem","position":1,"name":"Acceuil","item":"https:\/\/lpc.majortom.dev\/fr\/"},{"@type":"ListItem","position":2,"name":"Nos produits"}]},{"@type":"WebSite","@id":"https:\/\/lpc.majortom.dev\/fr\/#website","url":"https:\/\/lpc.majortom.dev\/fr\/","name":"The Little Potato Company","description":"","potentialAction":[{"@type":"SearchAction","target":{"@type":"EntryPoint","urlTemplate":"https:\/\/lpc.majortom.dev\/fr\/?s={search_term_string}"},"query-input":{"@type":"PropertyValueSpecification","valueRequired":true,"valueName":"search_term_string"}}],"inLanguage":"fr-FR"}]}},"_links":{"self":[{"href":"https:\/\/lpc.majortom.dev\/fr\/wp-json\/wp\/v2\/pages\/12018","targetHints":{"allow":["GET"]}}],"collection":[{"href":"https:\/\/lpc.majortom.dev\/fr\/wp-json\/wp\/v2\/pages"}],"about":[{"href":"https:\/\/lpc.majortom.dev\/fr\/wp-json\/wp\/v2\/types\/page"}],"author":[{"embeddable":true,"href":"https:\/\/lpc.majortom.dev\/fr\/wp-json\/wp\/v2\/users\/3"}],"replies":[{"embeddable":true,"href":"https:\/\/lpc.majortom.dev\/fr\/wp-json\/wp\/v2\/comments?post=12018"}],"version-history":[{"count":2,"href":"https:\/\/lpc.majortom.dev\/fr\/wp-json\/wp\/v2\/pages\/12018\/revisions"}],"predecessor-version":[{"id":12020,"href":"https:\/\/lpc.majortom.dev\/fr\/wp-json\/wp\/v2\/pages\/12018\/revisions\/12020"}],"wp:attachment":[{"href":"https:\/\/lpc.majortom.dev\/fr\/wp-json\/wp\/v2\/media?parent=12018"}],"curies":[{"name":"wp","href":"https:\/\/api.w.org\/{rel}","templated":true}]}}