{"id":11920,"date":"2022-12-05T02:49:52","date_gmt":"2022-12-05T07:49:52","guid":{"rendered":"https:\/\/lpc.majortom.dev\/?page_id=11920"},"modified":"2023-03-10T23:56:59","modified_gmt":"2023-03-10T23:56:59","slug":"agriculteurs","status":"publish","type":"page","link":"https:\/\/lpc.majortom.dev\/fr\/notre-famille\/agriculteurs\/","title":{"rendered":"Agriculteurs"},"content":{"rendered":"","protected":false},"excerpt":{"rendered":"","protected":false},"author":3,"featured_media":15640,"parent":11909,"menu_order":0,"comment_status":"closed","ping_status":"closed","template":"templates\/template-content.php","meta":{"_acf_changed":false,"footnotes":""},"class_list":["post-11920","page","type-page","status-publish","has-post-thumbnail","hentry"],"acf":[],"yoast_head":"<!-- This site is optimized with the Yoast SEO plugin v27.1.1 - https:\/\/yoast.com\/product\/yoast-seo-wordpress\/ -->\n<title>Agriculteurs | The Little Potato Company<\/title>\n<meta name=\"description\" content=\"Nous visons \u00e0 b\u00e2tir avec eux et leurs familles des relations de longue date qui traversent les g\u00e9n\u00e9rations pour continuer de grandir et d\u2019innover ensemble.\" \/>\n<meta name=\"robots\" content=\"noindex, follow, max-snippet:-1, max-image-preview:large, max-video-preview:-1\" \/>\n<meta property=\"og:locale\" content=\"fr_FR\" \/>\n<meta property=\"og:type\" content=\"article\" \/>\n<meta property=\"og:title\" content=\"Agriculteurs | The Little Potato Company\" \/>\n<meta property=\"og:description\" content=\"Nous visons \u00e0 b\u00e2tir avec eux et leurs familles des relations de longue date qui traversent les g\u00e9n\u00e9rations pour continuer de grandir et d\u2019innover ensemble.\" \/>\n<meta property=\"og:url\" content=\"https:\/\/lpc.majortom.dev\/fr\/notre-famille\/agriculteurs\/\" \/>\n<meta property=\"og:site_name\" content=\"The Little Potato Company\" \/>\n<meta property=\"article:modified_time\" content=\"2023-03-10T23:56:59+00:00\" \/>\n<meta property=\"og:image\" content=\"https:\/\/www.littlepotatoes.com\/wp-content\/uploads\/2023\/02\/Farmers_Masthead-Image_1600x800.jpg\" \/>\n\t<meta property=\"og:image:width\" content=\"1600\" \/>\n\t<meta property=\"og:image:height\" content=\"800\" \/>\n\t<meta property=\"og:image:type\" content=\"image\/jpeg\" \/>\n<meta name=\"twitter:card\" content=\"summary_large_image\" \/>\n<script type=\"application\/ld+json\" class=\"yoast-schema-graph\">{\"@context\":\"https:\/\/schema.org\",\"@graph\":[{\"@type\":\"WebPage\",\"@id\":\"https:\/\/lpc.majortom.dev\/fr\/notre-famille\/agriculteurs\/\",\"url\":\"https:\/\/lpc.majortom.dev\/fr\/notre-famille\/agriculteurs\/\",\"name\":\"Agriculteurs | The Little Potato Company\",\"isPartOf\":{\"@id\":\"https:\/\/lpc.majortom.dev\/fr\/#website\"},\"primaryImageOfPage\":{\"@id\":\"https:\/\/lpc.majortom.dev\/fr\/notre-famille\/agriculteurs\/#primaryimage\"},\"image\":{\"@id\":\"https:\/\/lpc.majortom.dev\/fr\/notre-famille\/agriculteurs\/#primaryimage\"},\"thumbnailUrl\":\"https:\/\/lpc.majortom.dev\/wp-content\/uploads\/2023\/02\/Farmers_Masthead-Image_1600x800.jpg\",\"datePublished\":\"2022-12-05T07:49:52+00:00\",\"dateModified\":\"2023-03-10T23:56:59+00:00\",\"description\":\"Nous visons \u00e0 b\u00e2tir avec eux et leurs familles des relations de longue date qui traversent les g\u00e9n\u00e9rations pour continuer de grandir et d\u2019innover ensemble.\",\"breadcrumb\":{\"@id\":\"https:\/\/lpc.majortom.dev\/fr\/notre-famille\/agriculteurs\/#breadcrumb\"},\"inLanguage\":\"fr-FR\",\"potentialAction\":[{\"@type\":\"ReadAction\",\"target\":[\"https:\/\/lpc.majortom.dev\/fr\/notre-famille\/agriculteurs\/\"]}]},{\"@type\":\"ImageObject\",\"inLanguage\":\"fr-FR\",\"@id\":\"https:\/\/lpc.majortom.dev\/fr\/notre-famille\/agriculteurs\/#primaryimage\",\"url\":\"https:\/\/lpc.majortom.dev\/wp-content\/uploads\/2023\/02\/Farmers_Masthead-Image_1600x800.jpg\",\"contentUrl\":\"https:\/\/lpc.majortom.dev\/wp-content\/uploads\/2023\/02\/Farmers_Masthead-Image_1600x800.jpg\",\"width\":1600,\"height\":800,\"caption\":\"One of our farmers in the field\"},{\"@type\":\"BreadcrumbList\",\"@id\":\"https:\/\/lpc.majortom.dev\/fr\/notre-famille\/agriculteurs\/#breadcrumb\",\"itemListElement\":[{\"@type\":\"ListItem\",\"position\":1,\"name\":\"Acceuil\",\"item\":\"https:\/\/lpc.majortom.dev\/fr\/\"},{\"@type\":\"ListItem\",\"position\":2,\"name\":\"Notre famille\",\"item\":\"https:\/\/www.littlepotatoes.com\/fr\/notre-famille\/\"},{\"@type\":\"ListItem\",\"position\":3,\"name\":\"Agriculteurs\"}]},{\"@type\":\"WebSite\",\"@id\":\"https:\/\/lpc.majortom.dev\/fr\/#website\",\"url\":\"https:\/\/lpc.majortom.dev\/fr\/\",\"name\":\"The Little Potato Company\",\"description\":\"\",\"potentialAction\":[{\"@type\":\"SearchAction\",\"target\":{\"@type\":\"EntryPoint\",\"urlTemplate\":\"https:\/\/lpc.majortom.dev\/fr\/?s={search_term_string}\"},\"query-input\":{\"@type\":\"PropertyValueSpecification\",\"valueRequired\":true,\"valueName\":\"search_term_string\"}}],\"inLanguage\":\"fr-FR\"}]}<\/script>\n<!-- \/ Yoast SEO plugin. -->","yoast_head_json":{"title":"Agriculteurs | The Little Potato Company","description":"Nous visons \u00e0 b\u00e2tir avec eux et leurs familles des relations de longue date qui traversent les g\u00e9n\u00e9rations pour continuer de grandir et d\u2019innover ensemble.","robots":{"index":"noindex","follow":"follow","max-snippet":"max-snippet:-1","max-image-preview":"max-image-preview:large","max-video-preview":"max-video-preview:-1"},"og_locale":"fr_FR","og_type":"article","og_title":"Agriculteurs | The Little Potato Company","og_description":"Nous visons \u00e0 b\u00e2tir avec eux et leurs familles des relations de longue date qui traversent les g\u00e9n\u00e9rations pour continuer de grandir et d\u2019innover ensemble.","og_url":"https:\/\/lpc.majortom.dev\/fr\/notre-famille\/agriculteurs\/","og_site_name":"The Little Potato Company","article_modified_time":"2023-03-10T23:56:59+00:00","og_image":[{"width":1600,"height":800,"url":"https:\/\/www.littlepotatoes.com\/wp-content\/uploads\/2023\/02\/Farmers_Masthead-Image_1600x800.jpg","type":"image\/jpeg"}],"twitter_card":"summary_large_image","schema":{"@context":"https:\/\/schema.org","@graph":[{"@type":"WebPage","@id":"https:\/\/lpc.majortom.dev\/fr\/notre-famille\/agriculteurs\/","url":"https:\/\/lpc.majortom.dev\/fr\/notre-famille\/agriculteurs\/","name":"Agriculteurs | The Little Potato Company","isPartOf":{"@id":"https:\/\/lpc.majortom.dev\/fr\/#website"},"primaryImageOfPage":{"@id":"https:\/\/lpc.majortom.dev\/fr\/notre-famille\/agriculteurs\/#primaryimage"},"image":{"@id":"https:\/\/lpc.majortom.dev\/fr\/notre-famille\/agriculteurs\/#primaryimage"},"thumbnailUrl":"https:\/\/lpc.majortom.dev\/wp-content\/uploads\/2023\/02\/Farmers_Masthead-Image_1600x800.jpg","datePublished":"2022-12-05T07:49:52+00:00","dateModified":"2023-03-10T23:56:59+00:00","description":"Nous visons \u00e0 b\u00e2tir avec eux et leurs familles des relations de longue date qui traversent les g\u00e9n\u00e9rations pour continuer de grandir et d\u2019innover ensemble.","breadcrumb":{"@id":"https:\/\/lpc.majortom.dev\/fr\/notre-famille\/agriculteurs\/#breadcrumb"},"inLanguage":"fr-FR","potentialAction":[{"@type":"ReadAction","target":["https:\/\/lpc.majortom.dev\/fr\/notre-famille\/agriculteurs\/"]}]},{"@type":"ImageObject","inLanguage":"fr-FR","@id":"https:\/\/lpc.majortom.dev\/fr\/notre-famille\/agriculteurs\/#primaryimage","url":"https:\/\/lpc.majortom.dev\/wp-content\/uploads\/2023\/02\/Farmers_Masthead-Image_1600x800.jpg","contentUrl":"https:\/\/lpc.majortom.dev\/wp-content\/uploads\/2023\/02\/Farmers_Masthead-Image_1600x800.jpg","width":1600,"height":800,"caption":"One of our farmers in the field"},{"@type":"BreadcrumbList","@id":"https:\/\/lpc.majortom.dev\/fr\/notre-famille\/agriculteurs\/#breadcrumb","itemListElement":[{"@type":"ListItem","position":1,"name":"Acceuil","item":"https:\/\/lpc.majortom.dev\/fr\/"},{"@type":"ListItem","position":2,"name":"Notre famille","item":"https:\/\/www.littlepotatoes.com\/fr\/notre-famille\/"},{"@type":"ListItem","position":3,"name":"Agriculteurs"}]},{"@type":"WebSite","@id":"https:\/\/lpc.majortom.dev\/fr\/#website","url":"https:\/\/lpc.majortom.dev\/fr\/","name":"The Little Potato Company","description":"","potentialAction":[{"@type":"SearchAction","target":{"@type":"EntryPoint","urlTemplate":"https:\/\/lpc.majortom.dev\/fr\/?s={search_term_string}"},"query-input":{"@type":"PropertyValueSpecification","valueRequired":true,"valueName":"search_term_string"}}],"inLanguage":"fr-FR"}]}},"_links":{"self":[{"href":"https:\/\/lpc.majortom.dev\/fr\/wp-json\/wp\/v2\/pages\/11920","targetHints":{"allow":["GET"]}}],"collection":[{"href":"https:\/\/lpc.majortom.dev\/fr\/wp-json\/wp\/v2\/pages"}],"about":[{"href":"https:\/\/lpc.majortom.dev\/fr\/wp-json\/wp\/v2\/types\/page"}],"author":[{"embeddable":true,"href":"https:\/\/lpc.majortom.dev\/fr\/wp-json\/wp\/v2\/users\/3"}],"replies":[{"embeddable":true,"href":"https:\/\/lpc.majortom.dev\/fr\/wp-json\/wp\/v2\/comments?post=11920"}],"version-history":[{"count":13,"href":"https:\/\/lpc.majortom.dev\/fr\/wp-json\/wp\/v2\/pages\/11920\/revisions"}],"predecessor-version":[{"id":19987,"href":"https:\/\/lpc.majortom.dev\/fr\/wp-json\/wp\/v2\/pages\/11920\/revisions\/19987"}],"up":[{"embeddable":true,"href":"https:\/\/lpc.majortom.dev\/fr\/wp-json\/wp\/v2\/pages\/11909"}],"wp:featuredmedia":[{"embeddable":true,"href":"https:\/\/lpc.majortom.dev\/fr\/wp-json\/wp\/v2\/media\/15640"}],"wp:attachment":[{"href":"https:\/\/lpc.majortom.dev\/fr\/wp-json\/wp\/v2\/media?parent=11920"}],"curies":[{"name":"wp","href":"https:\/\/api.w.org\/{rel}","templated":true}]}}